{"id":1548,"date":"2022-07-28T20:04:23","date_gmt":"2022-07-28T18:04:23","guid":{"rendered":"http:\/\/arivaliente.com\/?page_id=1548"},"modified":"2024-01-07T23:23:33","modified_gmt":"2024-01-07T22:23:33","slug":"der-shop","status":"publish","type":"page","link":"https:\/\/arivaliente.com\/es","title":{"rendered":"Start"},"content":{"rendered":"<p>\u00bfSer\u00e1 que la delicada y t\u00edmida Ariana de Venezuela alberga a la valiente reina de las almas, Arivaliente? Desde luego, Ariana no sabe nada al respecto. \u00bfY c\u00f3mo se las arreglar\u00e1 la peque\u00f1a reina para nacer?<\/p>\n<p>Sin la protecci\u00f3n del amuleto real, s\u00f3lo con su voz m\u00e1gica y unas piedrecitas, apenas puede mantener a raya a los siniestros P\u00e9steros que tiranizan a las almas buenas en el mundo de las almas \u00abTres Fuentes\u00bb. Menos mal que AriValiente puede contar con Cochilebra, la cochino-culebra, y con Conejo, la estricta profesora de humanom\u00e1tica.<\/p>\n<p>Cruzan puentes de hueso, aliento y sangre desde el bosque de la confianza hasta las vastas llanuras de la sinceridad y las suaves colinas del cari\u00f1o. All\u00ed sacan fuerzas de los himnos de estas cualidades indispensables. Pero, \u00bfser\u00e1 esto suficiente para liberar a Dervad, el astuto l\u00edder de los P\u00e9steros, de su destino en el fangoso y apestoso pantano? Porque si fracasa, AriValiente no podr\u00e1 nacer&#8230;<\/p>\n","protected":false},"excerpt":{"rendered":"<p>\u00bfSer\u00e1 que la delicada y t\u00edmida Ariana de Venezuela alberga a la valiente reina de las almas, Arivaliente? Desde luego, Ariana no sabe nada al respecto. \u00bfY c\u00f3mo se las arreglar\u00e1 la peque\u00f1a reina para nacer? Sin la protecci\u00f3n del amuleto real, s\u00f3lo con su voz m\u00e1gica y unas piedrecitas, apenas puede mantener a raya&hellip;&nbsp;<\/p>\n<div class=\"read-more-wrapper\"><a href=\"https:\/\/arivaliente.com\/es\" class=\"button button-primary\" rel=\"bookmark\">mehr \u00bb<span class=\"screen-reader-text\">Start<\/span><\/a><\/div>\n","protected":false},"author":1,"featured_media":0,"parent":0,"menu_order":10,"comment_status":"closed","ping_status":"closed","template":"","meta":{"neve_meta_sidebar":"","neve_meta_container":"","neve_meta_enable_content_width":"","neve_meta_content_width":0,"neve_meta_title_alignment":"","neve_meta_author_avatar":"","neve_post_elements_order":"","neve_meta_disable_header":"","neve_meta_disable_footer":"","neve_meta_disable_title":"","neve_meta_reading_time":"","nv_restrict_types":{"user_id":"no","user_role":"no","password":"no"},"nv_restrict_user_ids":[],"nv_restrict_user_roles":[],"nv_restrict_password":"","footnotes":""},"class_list":["post-1548","page","type-page","status-publish","hentry"],"_links":{"self":[{"href":"https:\/\/arivaliente.com\/es\/wp-json\/wp\/v2\/pages\/1548","targetHints":{"allow":["GET"]}}],"collection":[{"href":"https:\/\/arivaliente.com\/es\/wp-json\/wp\/v2\/pages"}],"about":[{"href":"https:\/\/arivaliente.com\/es\/wp-json\/wp\/v2\/types\/page"}],"author":[{"embeddable":true,"href":"https:\/\/arivaliente.com\/es\/wp-json\/wp\/v2\/users\/1"}],"replies":[{"embeddable":true,"href":"https:\/\/arivaliente.com\/es\/wp-json\/wp\/v2\/comments?post=1548"}],"version-history":[{"count":3,"href":"https:\/\/arivaliente.com\/es\/wp-json\/wp\/v2\/pages\/1548\/revisions"}],"predecessor-version":[{"id":1736,"href":"https:\/\/arivaliente.com\/es\/wp-json\/wp\/v2\/pages\/1548\/revisions\/1736"}],"wp:attachment":[{"href":"https:\/\/arivaliente.com\/es\/wp-json\/wp\/v2\/media?parent=1548"}],"curies":[{"name":"wp","href":"https:\/\/api.w.org\/{rel}","templated":true}]}}