{"id":1854,"date":"2022-07-28T20:04:23","date_gmt":"2022-07-28T18:04:23","guid":{"rendered":"http:\/\/arivaliente.com\/?page_id=1854"},"modified":"2024-02-02T17:24:23","modified_gmt":"2024-02-02T16:24:23","slug":"el-shop","status":"publish","type":"page","link":"https:\/\/arivaliente.com\/es\/el-shop","title":{"rendered":"La Tienda"},"content":{"rendered":"\n<p><strong>\u00a1Pare, pare!<\/strong><\/p>\n<p><strong>Momentico Federico&#8230;<\/strong><\/p>\n<p>El libro a\u00fan no est\u00e1 terminado&#8230; Pero pronto habr\u00e1 aqu\u00ed preciosos art\u00edculos sobre la historia.<\/p>\n<h4><br \/>AriValiente &#8211; El libro, tapa dura &#8211;<\/h4>\n<h4>AriValiente &#8211; Edici\u00f3n especial limitada &#8211; el libro en un estuche con el amuleto m\u00e1gico (plata de ley, granate, perla, cristal de roca)<\/h4>\n<h4>El amuleto m\u00e1gico &#8211; individualmente en un joyero<\/h4>\n<h4>Camiseta con las figuras<\/h4>\n<h4>AriValiente &#8211; mu\u00f1eca colgante<\/h4>\n<h4>Cochi &#8211; peluche &#8211; m\u00e1s tarde tambi\u00e9n Atze, conejo, escarabajo<\/h4>\n<p><strong>&#8230; y cualquier otra cosa que se te ocurra&#8230; \u00a1escr\u00edbeme!<\/strong><\/p>\n","protected":false},"excerpt":{"rendered":"<p>\u00a1Pare, pare! Momentico Federico&#8230; El libro a\u00fan no est\u00e1 terminado&#8230; Pero pronto habr\u00e1 aqu\u00ed preciosos art\u00edculos sobre la historia. AriValiente &#8211; El libro, tapa dura &#8211; AriValiente &#8211; Edici\u00f3n especial limitada &#8211; el libro en un estuche con el amuleto m\u00e1gico (plata de ley, granate, perla, cristal de roca) El amuleto m\u00e1gico &#8211; individualmente en&hellip;&nbsp;<\/p>\n<div class=\"read-more-wrapper\"><a href=\"https:\/\/arivaliente.com\/es\/el-shop\" class=\"button button-primary\" rel=\"bookmark\">mehr \u00bb<span class=\"screen-reader-text\">La Tienda<\/span><\/a><\/div>\n","protected":false},"author":1,"featured_media":0,"parent":0,"menu_order":85,"comment_status":"open","ping_status":"closed","template":"","meta":{"neve_meta_sidebar":"","neve_meta_container":"","neve_meta_enable_content_width":"","neve_meta_content_width":0,"neve_meta_title_alignment":"","neve_meta_author_avatar":"","neve_post_elements_order":"","neve_meta_disable_header":"","neve_meta_disable_footer":"","neve_meta_disable_title":"","neve_meta_reading_time":"","nv_restrict_types":{"user_id":"no","user_role":"no","password":"no"},"nv_restrict_user_ids":[],"nv_restrict_user_roles":[],"nv_restrict_password":"","footnotes":""},"class_list":["post-1854","page","type-page","status-publish","hentry"],"_links":{"self":[{"href":"https:\/\/arivaliente.com\/es\/wp-json\/wp\/v2\/pages\/1854","targetHints":{"allow":["GET"]}}],"collection":[{"href":"https:\/\/arivaliente.com\/es\/wp-json\/wp\/v2\/pages"}],"about":[{"href":"https:\/\/arivaliente.com\/es\/wp-json\/wp\/v2\/types\/page"}],"author":[{"embeddable":true,"href":"https:\/\/arivaliente.com\/es\/wp-json\/wp\/v2\/users\/1"}],"replies":[{"embeddable":true,"href":"https:\/\/arivaliente.com\/es\/wp-json\/wp\/v2\/comments?post=1854"}],"version-history":[{"count":2,"href":"https:\/\/arivaliente.com\/es\/wp-json\/wp\/v2\/pages\/1854\/revisions"}],"predecessor-version":[{"id":1856,"href":"https:\/\/arivaliente.com\/es\/wp-json\/wp\/v2\/pages\/1854\/revisions\/1856"}],"wp:attachment":[{"href":"https:\/\/arivaliente.com\/es\/wp-json\/wp\/v2\/media?parent=1854"}],"curies":[{"name":"wp","href":"https:\/\/api.w.org\/{rel}","templated":true}]}}