{"id":557,"date":"2020-06-11T22:32:08","date_gmt":"2020-06-11T20:32:08","guid":{"rendered":"http:\/\/arivaliente.com\/?page_id=557"},"modified":"2024-02-20T21:06:51","modified_gmt":"2024-02-20T20:06:51","slug":"los-protagonistas","status":"publish","type":"page","link":"https:\/\/arivaliente.com\/es\/los-protagonistas","title":{"rendered":"Los Protagonistas"},"content":{"rendered":"\n<div class=\"wp-block-media-text is-stacked-on-mobile\"><figure class=\"wp-block-media-text__media\"><img fetchpriority=\"high\" decoding=\"async\" width=\"773\" height=\"1024\" src=\"http:\/\/arivaliente.com\/wp-content\/uploads\/2023\/12\/Arianaweich-773x1024.jpg\" alt=\"\" class=\"wp-image-1394 size-full\" srcset=\"https:\/\/arivaliente.com\/wp-content\/uploads\/2023\/12\/Arianaweich-773x1024.jpg 773w, https:\/\/arivaliente.com\/wp-content\/uploads\/2023\/12\/Arianaweich-226x300.jpg 226w, https:\/\/arivaliente.com\/wp-content\/uploads\/2023\/12\/Arianaweich-768x1018.jpg 768w, https:\/\/arivaliente.com\/wp-content\/uploads\/2023\/12\/Arianaweich-1159x1536.jpg 1159w, https:\/\/arivaliente.com\/wp-content\/uploads\/2023\/12\/Arianaweich.jpg 1358w\" sizes=\"(max-width: 773px) 100vw, 773px\" \/><\/figure><div class=\"wp-block-media-text__content\">\n<h4>Ariana<\/h4>\n<p>Humana hasta la m\u00e9dula, con todos sus miedos, no ten\u00eda ni idea de los poderes encantadores que yac\u00edan latentes en su interior.<\/p>\n<\/div><\/div>\n\n\n\n<div class=\"wp-block-media-text is-stacked-on-mobile\"><figure class=\"wp-block-media-text__media\"><img decoding=\"async\" width=\"640\" height=\"1024\" src=\"http:\/\/arivaliente.com\/wp-content\/uploads\/2024\/01\/AriohnevalWeich-1-640x1024.jpg\" alt=\"\" class=\"wp-image-1696 size-full\" srcset=\"https:\/\/arivaliente.com\/wp-content\/uploads\/2024\/01\/AriohnevalWeich-1-640x1024.jpg 640w, https:\/\/arivaliente.com\/wp-content\/uploads\/2024\/01\/AriohnevalWeich-1-188x300.jpg 188w, https:\/\/arivaliente.com\/wp-content\/uploads\/2024\/01\/AriohnevalWeich-1-768x1229.jpg 768w, https:\/\/arivaliente.com\/wp-content\/uploads\/2024\/01\/AriohnevalWeich-1-960x1536.jpg 960w, https:\/\/arivaliente.com\/wp-content\/uploads\/2024\/01\/AriohnevalWeich-1.jpg 1125w\" sizes=\"(max-width: 640px) 100vw, 640px\" \/><\/figure><div class=\"wp-block-media-text__content\">\n<h4>AriValiente<\/h4>\n<p>Mimi de los parecidos de humanos. Mitad gigante mitad hada y reina del Bosque de la Confianza. Para finalmente nacer, ella debe derrotar el mal en Dervad, el l\u00edder de los P\u00e9steros. Pero, \u00bfqu\u00e9 magia puede hacer el truco?<\/p>\n<\/div><\/div>\n\n\n\n<div class=\"wp-block-media-text is-stacked-on-mobile\"><figure class=\"wp-block-media-text__media\"><img decoding=\"async\" width=\"739\" height=\"1024\" src=\"http:\/\/arivaliente.com\/wp-content\/uploads\/2023\/12\/cochi-aquarell2-739x1024.jpeg\" alt=\"\" class=\"wp-image-1404 size-full\" srcset=\"https:\/\/arivaliente.com\/wp-content\/uploads\/2023\/12\/cochi-aquarell2-739x1024.jpeg 739w, https:\/\/arivaliente.com\/wp-content\/uploads\/2023\/12\/cochi-aquarell2-217x300.jpeg 217w, https:\/\/arivaliente.com\/wp-content\/uploads\/2023\/12\/cochi-aquarell2-768x1064.jpeg 768w, https:\/\/arivaliente.com\/wp-content\/uploads\/2023\/12\/cochi-aquarell2-1109x1536.jpeg 1109w, https:\/\/arivaliente.com\/wp-content\/uploads\/2023\/12\/cochi-aquarell2-1479x2048.jpeg 1479w, https:\/\/arivaliente.com\/wp-content\/uploads\/2023\/12\/cochi-aquarell2.jpeg 1548w\" sizes=\"(max-width: 739px) 100vw, 739px\" \/><\/figure><div class=\"wp-block-media-text__content\">\n<h4>Cochi<\/h4>\n<p>Mejor amiga de AriValiente. Mimi de los animales, tipo cochino-culebra. No apesta y no es venenosa. Alma muy leal, pero no puede nacer.<\/p>\n<\/div><\/div>\n\n\n\n<div class=\"wp-block-media-text is-stacked-on-mobile\"><figure class=\"wp-block-media-text__media\"><img loading=\"lazy\" decoding=\"async\" width=\"634\" height=\"1024\" src=\"http:\/\/arivaliente.com\/wp-content\/uploads\/2023\/12\/kaninchenWeich-634x1024.jpg\" alt=\"\" class=\"wp-image-1410 size-full\" srcset=\"https:\/\/arivaliente.com\/wp-content\/uploads\/2023\/12\/kaninchenWeich-634x1024.jpg 634w, https:\/\/arivaliente.com\/wp-content\/uploads\/2023\/12\/kaninchenWeich-186x300.jpg 186w, https:\/\/arivaliente.com\/wp-content\/uploads\/2023\/12\/kaninchenWeich-768x1241.jpg 768w, https:\/\/arivaliente.com\/wp-content\/uploads\/2023\/12\/kaninchenWeich.jpg 916w\" sizes=\"(max-width: 634px) 100vw, 634px\" \/><\/figure><div class=\"wp-block-media-text__content\">\n<h4>Conejo<\/h4>\n<p>Su verdadero nombre es Sra. Luz Estrella Arbolito de Higueras. Es profesora de humanom\u00e1tica, algo estricta pero de buen coraz\u00f3n. Su sabidur\u00eda universal: <strong>LA VIDA ES UN CORD\u00d3N DE LOS ZAPATOS&#8230;<\/strong><\/p>\n<\/div><\/div>\n\n\n\n<div class=\"wp-block-media-text is-stacked-on-mobile\"><figure class=\"wp-block-media-text__media\"><img loading=\"lazy\" decoding=\"async\" width=\"731\" height=\"1024\" src=\"http:\/\/arivaliente.com\/wp-content\/uploads\/2024\/01\/Atze-final-weich-731x1024.jpg\" alt=\"\" class=\"wp-image-1829 size-full\" srcset=\"https:\/\/arivaliente.com\/wp-content\/uploads\/2024\/01\/Atze-final-weich-731x1024.jpg 731w, https:\/\/arivaliente.com\/wp-content\/uploads\/2024\/01\/Atze-final-weich-214x300.jpg 214w, https:\/\/arivaliente.com\/wp-content\/uploads\/2024\/01\/Atze-final-weich-768x1075.jpg 768w, https:\/\/arivaliente.com\/wp-content\/uploads\/2024\/01\/Atze-final-weich-1097x1536.jpg 1097w, https:\/\/arivaliente.com\/wp-content\/uploads\/2024\/01\/Atze-final-weich.jpg 1250w\" sizes=\"(max-width: 731px) 100vw, 731px\" \/><\/figure><div class=\"wp-block-media-text__content\">\n<h4>Gataco<\/h4>\n<p>Peque\u00f1o descarado pero muy popular. Mimi de los animales, tipo gato-bachaco. Organiza todo sin que nadie se lo pida. Si hay que creer los rumores, sus dos pelotas nunca deben chocar.<\/p>\n\n\n<\/div><\/div>\n\n\n\n<div class=\"wp-block-media-text is-stacked-on-mobile\"><figure class=\"wp-block-media-text__media\"><img loading=\"lazy\" decoding=\"async\" width=\"768\" height=\"1024\" src=\"http:\/\/arivaliente.com\/wp-content\/uploads\/2024\/02\/BEETLE-JPEG-768x1024.jpg\" alt=\"\" class=\"wp-image-1868 size-full\" srcset=\"https:\/\/arivaliente.com\/wp-content\/uploads\/2024\/02\/BEETLE-JPEG-768x1024.jpg 768w, https:\/\/arivaliente.com\/wp-content\/uploads\/2024\/02\/BEETLE-JPEG-225x300.jpg 225w, https:\/\/arivaliente.com\/wp-content\/uploads\/2024\/02\/BEETLE-JPEG-1152x1536.jpg 1152w, https:\/\/arivaliente.com\/wp-content\/uploads\/2024\/02\/BEETLE-JPEG-1536x2048.jpg 1536w, https:\/\/arivaliente.com\/wp-content\/uploads\/2024\/02\/BEETLE-JPEG-scaled.jpg 1920w\" sizes=\"(max-width: 768px) 100vw, 768px\" \/><\/figure><div class=\"wp-block-media-text__content\">\n<h4>Congorocho<\/h4>\n<p>El congorcho gordo, negro, flojo y contento. Robusto y simp\u00e1tico, suele estar a mano cuando nadie sabe qu\u00e9 hacer. \u00bfEl mejor amigo de los conejos, o incluso m\u00e1s&#8230;?<\/p>\n<\/div><\/div>\n\n\n\n<div class=\"wp-block-media-text is-stacked-on-mobile\"><figure class=\"wp-block-media-text__media\"><img loading=\"lazy\" decoding=\"async\" width=\"640\" height=\"640\" src=\"http:\/\/arivaliente.com\/wp-content\/uploads\/2024\/01\/Fragezeichen.jpg\" alt=\"\" class=\"wp-image-1704 size-full\" srcset=\"https:\/\/arivaliente.com\/wp-content\/uploads\/2024\/01\/Fragezeichen.jpg 640w, https:\/\/arivaliente.com\/wp-content\/uploads\/2024\/01\/Fragezeichen-300x300.jpg 300w, https:\/\/arivaliente.com\/wp-content\/uploads\/2024\/01\/Fragezeichen-150x150.jpg 150w\" sizes=\"(max-width: 640px) 100vw, 640px\" \/><\/figure><div class=\"wp-block-media-text__content\">\n<p><\/p>\n<\/div><\/div>\n","protected":false},"excerpt":{"rendered":"","protected":false},"author":1,"featured_media":0,"parent":0,"menu_order":91,"comment_status":"closed","ping_status":"closed","template":"","meta":{"neve_meta_sidebar":"","neve_meta_container":"","neve_meta_enable_content_width":"","neve_meta_content_width":0,"neve_meta_title_alignment":"","neve_meta_author_avatar":"","neve_post_elements_order":"","neve_meta_disable_header":"","neve_meta_disable_footer":"","neve_meta_disable_title":"","neve_meta_reading_time":"","nv_restrict_types":{"user_id":"no","user_role":"no","password":"no"},"nv_restrict_user_ids":[],"nv_restrict_user_roles":[],"nv_restrict_password":"","footnotes":""},"class_list":["post-557","page","type-page","status-publish","hentry"],"_links":{"self":[{"href":"https:\/\/arivaliente.com\/es\/wp-json\/wp\/v2\/pages\/557","targetHints":{"allow":["GET"]}}],"collection":[{"href":"https:\/\/arivaliente.com\/es\/wp-json\/wp\/v2\/pages"}],"about":[{"href":"https:\/\/arivaliente.com\/es\/wp-json\/wp\/v2\/types\/page"}],"author":[{"embeddable":true,"href":"https:\/\/arivaliente.com\/es\/wp-json\/wp\/v2\/users\/1"}],"replies":[{"embeddable":true,"href":"https:\/\/arivaliente.com\/es\/wp-json\/wp\/v2\/comments?post=557"}],"version-history":[{"count":7,"href":"https:\/\/arivaliente.com\/es\/wp-json\/wp\/v2\/pages\/557\/revisions"}],"predecessor-version":[{"id":1906,"href":"https:\/\/arivaliente.com\/es\/wp-json\/wp\/v2\/pages\/557\/revisions\/1906"}],"wp:attachment":[{"href":"https:\/\/arivaliente.com\/es\/wp-json\/wp\/v2\/media?parent=557"}],"curies":[{"name":"wp","href":"https:\/\/api.w.org\/{rel}","templated":true}]}}